{"id":368,"date":"2022-12-06T12:58:29","date_gmt":"2022-12-06T12:58:29","guid":{"rendered":"https:\/\/shop-ch.boxingsisters.com\/allgemeine-geschaeftsbedingungen\/"},"modified":"2023-09-06T11:36:18","modified_gmt":"2023-09-06T11:36:18","slug":"allgemeine-geschaeftsbedingungen","status":"publish","type":"page","link":"https:\/\/shop-ch.boxingsisters.com\/de\/allgemeine-geschaeftsbedingungen\/","title":{"rendered":"Allgemeine Gesch\u00e4ftsbedingungen"},"content":{"rendered":"\t\t<div data-elementor-type=\"wp-page\" data-elementor-id=\"368\" class=\"elementor elementor-368 elementor-166\">\n\t\t\t\t\t\t\t\t\t<section class=\"elementor-section elementor-top-section elementor-element elementor-element-5e15068b elementor-section-full_width elementor-section-height-min-height elementor-section-items-top elementor-section-height-default\" data-id=\"5e15068b\" data-element_type=\"section\" data-settings=\"{&quot;background_background&quot;:&quot;classic&quot;}\">\n\t\t\t\t\t\t<div class=\"elementor-container elementor-column-gap-default\">\n\t\t\t\t\t<div class=\"elementor-column elementor-col-100 elementor-top-column elementor-element elementor-element-6159e6f9\" data-id=\"6159e6f9\" data-element_type=\"column\" data-settings=\"{&quot;background_background&quot;:&quot;classic&quot;}\">\n\t\t\t<div class=\"elementor-widget-wrap elementor-element-populated\">\n\t\t\t\t\t\t\t\t<section class=\"elementor-section elementor-inner-section elementor-element elementor-element-5e5382c8 elementor-section-height-min-height elementor-section-boxed elementor-section-height-default\" data-id=\"5e5382c8\" data-element_type=\"section\">\n\t\t\t\t\t\t<div class=\"elementor-container elementor-column-gap-default\">\n\t\t\t\t\t<div class=\"elementor-column elementor-col-100 elementor-inner-column elementor-element elementor-element-57442ba\" data-id=\"57442ba\" data-element_type=\"column\">\n\t\t\t<div class=\"elementor-widget-wrap elementor-element-populated\">\n\t\t\t\t\t\t\t\t<div class=\"elementor-element elementor-element-5de94fd elementor-widget elementor-widget-heading\" data-id=\"5de94fd\" data-element_type=\"widget\" data-widget_type=\"heading.default\">\n\t\t\t\t<div class=\"elementor-widget-container\">\n\t\t\t<style>\/*! elementor - v3.8.1 - 13-11-2022 *\/\n.elementor-heading-title{padding:0;margin:0;line-height:1}.elementor-widget-heading .elementor-heading-title[class*=elementor-size-]>a{color:inherit;font-size:inherit;line-height:inherit}.elementor-widget-heading .elementor-heading-title.elementor-size-small{font-size:15px}.elementor-widget-heading .elementor-heading-title.elementor-size-medium{font-size:19px}.elementor-widget-heading .elementor-heading-title.elementor-size-large{font-size:29px}.elementor-widget-heading .elementor-heading-title.elementor-size-xl{font-size:39px}.elementor-widget-heading .elementor-heading-title.elementor-size-xxl{font-size:59px}<\/style><h1 class=\"elementor-heading-title elementor-size-default\">Allgemeine Gesch\u00e4ftsbedingungen<\/h1>\t\t<\/div>\n\t\t\t\t<\/div>\n\t\t\t\t\t<\/div>\n\t\t<\/div>\n\t\t\t\t\t\t\t<\/div>\n\t\t<\/section>\n\t\t\t\t\t<\/div>\n\t\t<\/div>\n\t\t\t\t\t\t\t<\/div>\n\t\t<\/section>\n\t\t\t\t<section class=\"elementor-section elementor-top-section elementor-element elementor-element-46805e46 elementor-section-full_width elementor-section-height-default elementor-section-height-default\" data-id=\"46805e46\" data-element_type=\"section\">\n\t\t\t\t\t\t<div class=\"elementor-container elementor-column-gap-default\">\n\t\t\t\t\t<div class=\"elementor-column elementor-col-100 elementor-top-column elementor-element elementor-element-1b43569a\" data-id=\"1b43569a\" data-element_type=\"column\">\n\t\t\t<div class=\"elementor-widget-wrap elementor-element-populated\">\n\t\t\t\t\t\t\t\t<section class=\"elementor-section elementor-inner-section elementor-element elementor-element-1e96db49 elementor-section-full_width elementor-section-height-min-height elementor-reverse-tablet elementor-reverse-mobile elementor-section-height-default\" data-id=\"1e96db49\" data-element_type=\"section\" data-settings=\"{&quot;background_background&quot;:&quot;classic&quot;}\">\n\t\t\t\t\t\t<div class=\"elementor-container elementor-column-gap-wide\">\n\t\t\t\t\t<div class=\"elementor-column elementor-col-50 elementor-inner-column elementor-element elementor-element-63535a39\" data-id=\"63535a39\" data-element_type=\"column\" data-settings=\"{&quot;background_background&quot;:&quot;classic&quot;}\">\n\t\t\t<div class=\"elementor-widget-wrap elementor-element-populated\">\n\t\t\t\t\t\t\t\t<div class=\"elementor-element elementor-element-64ad964a elementor-widget__width-initial elementor-widget elementor-widget-text-editor\" data-id=\"64ad964a\" data-element_type=\"widget\" data-widget_type=\"text-editor.default\">\n\t\t\t\t<div class=\"elementor-widget-container\">\n\t\t\t<style>\/*! elementor - v3.8.1 - 13-11-2022 *\/\n.elementor-widget-text-editor.elementor-drop-cap-view-stacked .elementor-drop-cap{background-color:#818a91;color:#fff}.elementor-widget-text-editor.elementor-drop-cap-view-framed .elementor-drop-cap{color:#818a91;border:3px solid;background-color:transparent}.elementor-widget-text-editor:not(.elementor-drop-cap-view-default) .elementor-drop-cap{margin-top:8px}.elementor-widget-text-editor:not(.elementor-drop-cap-view-default) .elementor-drop-cap-letter{width:1em;height:1em}.elementor-widget-text-editor .elementor-drop-cap{float:left;text-align:center;line-height:1;font-size:50px}.elementor-widget-text-editor .elementor-drop-cap-letter{display:inline-block}<\/style>\t\t\t\t<p><strong>Allgemeinen Gesch\u00e4ftsbedingungen der Firma<\/strong><\/p>\n<p>Boxing Sisters GmbH <br>Pappelallee 78\/79 <br>10437 Berlin <br>Tel. +49(0)30 16 63 70 50 <br>E-mail: <a href=\"mailto:kundenservice@boxinsisters.com\">kundenservice@boxinsisters.com<\/a><\/p>\n<p>Handelsregisternummer HRB 231807 B Handelsregister des Amtsgerichts Charlottenburg<\/p>\n<p>Umsatzsteueridentifikationsnummer nach \u00a7 27a UmStG DE347050806<\/p>\n<h3>1. Definitionen<\/h3>\n<ol>\n<li>Soweit vom Sinnzusammenhang nicht anders gefordert, haben die folgenden Begriffe im Rahmen dieses Vertrages die folgende Bedeutung.<\/li>\n<li>Allgemeine Gesch\u00e4ftsbedingungen: die von Boxing Sisters GmbH verwendeten Allgemeinen Gesch\u00e4ftsbedingungen.<\/li>\n<li>Fitness: eine Dienstleistung, die auf k\u00f6rperliche und\/oder geistige Aktivit\u00e4t abzielt.<\/li>\n<li>Kundin: eine nat\u00fcrliche Person, die nicht im Rahmen einer beruflichen oder gewerblichen T\u00e4tigkeit handelt und einen Vertrag \u00fcber Fitnessdienstleistungen abschlie\u00dft.<\/li>\n<li>Unternehmen: Boxing Sisters GmbH.<\/li>\n<li>Vertrag: Vertrag zwischen dem Unternehmen und der Kundin \u00fcber die Erbringung von Fitness-Dienstleistungen.<\/li>\n<\/ol>\n<h3>2. Geltungsbereich der Allgemeinen Gesch\u00e4ftsbedingungen<\/h3>\n<ol>\n<li>F\u00fcr die Gesch\u00e4ftsbeziehungen zwischen dem Unternehmen und der Kundin gelten ausschlie\u00dflich diese Allgemeinen Gesch\u00e4ftsbedingungen in der zum Zeitpunkt des Vertragsabschlusses g\u00fcltigen Fassung.<\/li>\n<\/ol>\n<h3>3. Vertragsschluss<\/h3>\n<ol>\n<li>Durch Ausf\u00fcllen des Formulars \u201eIch m\u00f6chte Startinformationen erhalten\u201c auf der Internetseite des Unternehmens bekundet die Kundin ihr Interesse an einem durch das Unternehmen organisierten Kurs. Vor Abschicken des Formulars hat die Kundin die M\u00f6glichkeit, die von der ihr ausgef\u00fcllten Daten zu \u00fcberpr\u00fcfen. Nach Versenden des Formulars erh\u00e4lt die Kundin eine automatisch generierte E-Mail bzw. eine automatisch generierte WhatsApp-Nachricht. In dieser elektronischen Nachricht erh\u00e4lt die Kundin alle Informationen zum Vertragsabschluss. Mit dem Erhalt dieser automatischen E-Mail bzw. dieser automatischen WhatsApp-Nachricht kommt noch kein Vertrag zustande.<\/li>\n<li>Der Vertrag zwischen dem Unternehmen und der Kundin kommt mit der Zahlung der Geb\u00fchr f\u00fcr den Kurs oder die Mitgliedschaft zustande. Die Zahlung kann durch ein Anklicken eines Links in der automatisch generierten E-Mail bzw. der automatisch generierten WhatsApp-Nachricht erfolgen, wobei die Kundin durch das Anklicken auf eine Zahlungsseite des Unternehmens weitergeleitet wird. Auf dieser Internetseite kann die Kundin die Zahlung \u00fcber eine durch das Unternehmen angebotenen Zahlungsdienst vornehmen. Mit der erfolgreichen Zahlung kommt ein Vertrag zwischen dem Unternehmen und der Kundin zustande.<\/li>\n<li>Der Inhalt des Vertrags sowie auch der \u00fcbrigen der Kundin durch das Unternehmen zur Verf\u00fcgung gestellten Unterlagen sind streng vertraulich zu behandeln.<\/li>\n<li>Vertr\u00e4ge mit Minderj\u00e4hrigen (unter 18 Jahren) k\u00f6nnen nicht abgeschlossen werden. Die Teilnahme ist nur f\u00fcr Erwachsene ab 18 Jahren erlaubt.<\/li>\n<\/ol>\n<h3>4. Widerrufsrecht<\/h3>\n<ol>\n<li>Die Kundinnen haben das Recht, den Vertragsabschluss binnen vierzehn Tagen ab Zustandekommen des Vertrags ohne Angaben von Gr\u00fcnden zu widerrufen. Um das Widerrufsrecht auszu\u00fcben, muss die Kundin des Unternehmens mittels eines Formulars mittzuteilen, dass der Vertragsabschluss widerrufen werden soll. Das Formular kann per Post, Telefax oder E-Mail an das Unternehmen geschickt werden. Zur Wahrung der Widerrufsfrist ist es ausreichend, dass das Formular \u00fcber die Aus\u00fcbung des Widerrufsrechts vor Ablauf der Widerrufsfrist abzusenden. Das Widerrufsrecht endet jedoch mit der vorzeitigen Inanspruchnahme der Fitness-Dienstleistung durch den Verbraucher.<\/li>\n<li>Wenn ein Verbraucher den Vertrag widerruft, wird das Unternehmen s\u00e4mtliche Zahlungen, die vom Verbraucher geleistet wurden, unverz\u00fcglich und sp\u00e4testens binnen 14 Tagen ab dem Tag, an dem die Mitteilung \u00fcber den Widerruf beim Unternehmen eingegangen ist, zur\u00fcckzahlen. F\u00fcr diese R\u00fcckzahlung verwendet das Unternehmen dasselbe Zahlungsmittel, das der Verbraucher bei der urspr\u00fcnglichen Zahlung genutzt hat, es sei denn, es wurde ausdr\u00fccklich etwas anderes vereinbart; in keinem Fall werden dem Verbraucher wegen dieser R\u00fcckzahlung Kosten berechnet.<\/li>\n<\/ol>\n<h3>5. Leistungsgegenstand und Leistungsumfang<\/h3>\n<ol>\n<li>Art und Umfang der Leistungen richten sich nach dem Fitnessvertrag sowie den angebotenen und gew\u00e4hlten Zusatzleistungen bzw. -paketen (z.B. Personal-Coaching).<\/li>\n<li>Die Mitgliedschaft ist pers\u00f6nlich. Eine \u00dcbertragung der Mitgliedschaft auf Dritte ist ohne schriftliche Zustimmung des Unternehmens ausgeschlossen<\/li>\n<\/ol>\n<h3>6. Vertragsdauer und (vorzeitige) Beendigung des Vertrages<\/h3>\n<ol>\n<li>Das Unternehmen bietet der Kundin mindestens eine der folgenden Wahlm\u00f6glichkeiten:\n<ol>\n<li>1.1 Der Einsteigerkurs, bei dem die Kundin 12 Credits (Recht zur Teilnahme an 12 Kursen) erh\u00e4lt, die sie in einem Zeitraum von 9 Wochen f\u00fcr einen der vom Unternehmen angebotenen Kurse (Boxing Sisters Anf\u00e4nger- und Fortgeschrittenenkurse) frei verwenden kann. Der Vertrag endet automatisch nach Verbrauch der Credits oder nach Ablauf der 9-Wochen-Frist und bedarf keiner weiteren K\u00fcndigung. Eine zwischenzeitliche K\u00fcndigung ohne wichtigen Grund ist hier ausgeschlossen. \u00dcbersetzt mit www.DeepL.com\/Translator (kostenlose Version) Eine zwischenzeitliche K\u00fcndigung ohne wichtigen Grund ist hier ausgeschlossen.<\/li>\n<li>Eine flexible Mitgliedschaft \u00fcber einen Zeitraum von vier Wochen, der mit einer Monatsfrist zum Monatsende jeweils monatlich gek\u00fcndigt werden kann. Die Teilnahme an einem Einstiegskurs ist Voraussetzung f\u00fcr diese Mitgliedschaft.<\/li>\n<li>Eine Loyalit\u00e4tsmitgliedschaft \u00fcber einen Zeitraum von mindestens einem Jahr, der nach Ablauf dieser Vertragslaufzeit mit einer Monatsfrist zum Monatsende jeweils monatlich gek\u00fcndigt werden kann. Die Teilnahme an einem Einstiegskurs ist Voraussetzung f\u00fcr diese Mitgliedschaft.<\/li>\n<\/ol>\n<\/li>\n<li>6.2. Erfolgt keine rechtzeitige K\u00fcndigung, wird der Vertrag nach Ablauf der K\u00fcndigungsfrist stillschweigend um 4 Wochen verl\u00e4ngert. Der verl\u00e4ngerte Vertrag kann jederzeit unter Einhaltung der einmonatigen K\u00fcndigungsfrist gek\u00fcndigt werden.<\/li>\n<li>Wird der Vertrag \u00fcber einen l\u00e4ngeren Zeitraum als ein Jahr abgeschlossen, kann die Kundin den Vertrag nach Ablauf dieses Zeitraums unter Einhaltung einer einmonatigen K\u00fcndigungsfrist k\u00fcndigen.<\/li>\n<li>Eine au\u00dferordentliche K\u00fcndigung durch die Kundin ist m\u00f6glich, wenn:\n<ol>\n<li>der Verbraucher seinen Wohnsitz au\u00dferhalb eines Umkreises von 20 km von dem Fitnessstudio, f\u00fcr das die Mitgliedschaft abgeschlossen wurde, verlegt. Dies muss durch eine Eintragung in das Einwohnermelderegister nachgewiesen werden.<\/li>\n<li>die Kundin aufgrund einer Verletzung oder Krankheit, aufgrund derer die fortgesetzte Nutzung der Angebote des Unternehmens unm\u00f6glich oder sch\u00e4dlich w\u00e4re. Sofern die Nutzung einzelner, nicht ganz unwesentlicher Teile m\u00f6glich bleibt, ist eine au\u00dferordentliche K\u00fcndigung unzul\u00e4ssig.<\/li>\n<li>Die Kundin schwanger ist.<\/li>\n<\/ol>\n<\/li>\n<li>Die K\u00fcndigung des Vertrags muss schriftlich erfolgen.<\/li>\n<li>Neben der in Absatz 4 genannten K\u00fcndigungsm\u00f6glichkeit hat die Kundin auch die M\u00f6glichkeit, den Vertrag einzufrieren. Die Kundin kann bei einer Krankheit oder Verletzung, aufgrund derer die Nutzung der Angebote des Unternehmens in einem Zeitraum von mehr als einem Monat unm\u00f6glich oder sch\u00e4dlich w\u00e4re, angeben, dass sie die Fitnessaktivit\u00e4ten aufgrund einer Verletzung oder Krankheit l\u00e4nger als einen Monat nicht nutzen, so verl\u00e4ngert sich die Vertragsdauer um diesen Zeitraum, ohne dass f\u00fcr diesen Zeitraum zus\u00e4tzliche Beitragskosten anfallen.<\/li>\n<li>Eine au\u00dferordentliche K\u00fcndigung durch das Unternehmen ist mit sofortiger Wirkung m\u00f6glich, wenn:\n<ol>\n<li>&#8211; Die Kundin gegen eine oder mehrere Bestimmungen dieser Gesch\u00e4ftsbedingungen oder der geltenden (Haus-)Regeln verst\u00f6\u00dft.<\/li>\n<li>der Verbraucher sich gegen\u00fcber dem Unternehmer oder einer Vertragspartei des Unternehmers rechtswidrig verhalten hat.<\/li>\n<li>Befindet sich die Kundin mit der Zahlung eines Betrags, der zwei Monatsbeitr\u00e4gen entspricht, in Verzug, so berechtigt dies das Unternehmen, den Vertrag fristlos aus wichtigem Grund zu k\u00fcndigen.<\/li>\n<\/ol>\n<\/li>\n<li>Sollte das Unternehmen seinen Betrieb einstellen, ist eine vorl\u00e4ufige K\u00fcndigung durch das Unternehmen unter Einhaltung einer einmonatigen K\u00fcndigungsfrist m\u00f6glich. In diesem Fall wird die restliche Mitgliedsgeb\u00fchr zur\u00fcckerstattet.<\/li>\n<\/ol>\n<h3>7. Preise und Preis\u00e4nderungen<\/h3>\n<ol>\n<li>Die Mitgliedsgeb\u00fchr ist im Voraus zu zahlen.<\/li>\n<li>Etwaige Preiserh\u00f6hungen werden vom Unternehmer 2 Wochen im Voraus angek\u00fcndigt.<\/li>\n<li>Im Falle einer Preiserh\u00f6hung hat die Kundin das Recht, den Vertrag innerhalb von einem Monat nach Bekanntgabe der Preiserh\u00f6hung zu k\u00fcndigen. Die im Voraus bezahlte Mitgliedsgeb\u00fchr wird zur\u00fcckerstattet.<\/li>\n<li>Die K\u00fcndigungsm\u00f6glichkeit nach Absatz 3 gilt nicht f\u00fcr Preisanpassungen auf der Grundlage einer Preisindexierung von bis zu 60 \u20ac pro Jahr oder f\u00fcr Preisanpassungen, die sich unmittelbar aus dem Gesetz ergeben, wie z. B. solche im Zusammenhang mit der Mehrwertsteuer.<\/li>\n<\/ol>\n<h3>8. Pflichten des Unternehmens\/des Anbieters<\/h3>\n<ol>\n<li>Das Unternehmen garantiert, dass die bereitgestellten Einrichtungen und Dienstleistungen dem Vertrag entsprechen.<\/li>\n<li>Das Unternehmen hat die Anlagen der erforderlichen Wartung zu unterziehen.<\/li>\n<li>Das Unternehmen garantiert, dass die Ausbilder oder Aufsichtspersonen \u00fcber ausreichende Kenntnisse verf\u00fcgen, die \u00fcblicherweise erwartet werden k\u00f6nnen.<\/li>\n<li>Das Unternehmen sorgt daf\u00fcr, dass gen\u00fcgend Erste-Hilfe-Mittel vorhanden sind.<\/li>\n<li>Das Unternehmen ergreift Ma\u00dfnahmen, um die Besch\u00e4digung oder den Verlust von Eigentum der Kundinnen zu verhindern.<\/li>\n<\/ol>\n<h3>9. Pflichten der Kundin<\/h3>\n<ol>\n<li>Die Kundin muss sich an die Anweisungen des Anbieters und die (Haus-)Ordnung halten.<\/li>\n<li>Die Kundin muss dem Unternehmen jede medizinische Kontraindikation anzeigen, die gegen die Aus\u00fcbung der Sportart spricht.<\/li>\n<li>Die Kundin muss die Anweisungen des Unternehmens oder seiner Mitarbeiter befolgen. Der Kundin ist es nicht gestattet, Ger\u00e4te oder Einrichtungen zu benutzen, die ihr nicht vertraut sind. Wenn die Kundin mit einem oder mehreren Ger\u00e4ten oder Einrichtungen nicht vertraut ist, muss sie dies dem Unternehmen mitteilen, damit es ihr erl\u00e4utern kann, wie die Ger\u00e4te oder Einrichtungen genutzt werden m\u00fcssen.<\/li>\n<li>Die Kundin darf die Ger\u00e4te und Einrichtungen nicht benutzen, wenn sie unter dem Einfluss von Alkohol, Drogen, Medikamenten oder als Dopingmittel bezeichneten Substanzen steht.<\/li>\n<li>Der Kundin ist es nicht gestattet, in den vom Unternehmen zur Verf\u00fcgung gestellten Fitnessbereichen zu rauchen.<\/li>\n<li>Die Kundin muss den Unternehmen rechtzeitig schriftlich oder elektronisch \u00fcber \u00c4nderungen der Postanschrift, der E-Mail-Adresse, der Kontonummer und der Telefonnummer informieren.<\/li>\n<\/ol>\n<h3>10. Vorl\u00e4ufige \u00c4nderungen<\/h3>\n<ol>\n<li>Das Unternehmen kann zwischenzeitlich \u00c4nderungen an den angebotenen Dienstleistungen, R\u00e4umlichkeiten und \u00d6\ufb00nungszeiten vornehmen. Das Unternehmen wird die geplanten \u00c4nderungen mindestens 4 Wochen im Voraus bekannt geben.<\/li>\n<li>10.2. Im Falle von \u00c4nderungen gem\u00e4\u00df Absatz 1 zum Nachteil der Kundin hat diese das Recht, den Vertrag mit einer Frist von einem Monat nach Bekanntgabe zu k\u00fcndigen. Im Falle einer K\u00fcndigung wird die im Voraus bezahlte Mitgliedsgeb\u00fchr zur\u00fcckerstattet.<\/li>\n<\/ol>\n<h3>11. Zahlung<\/h3>\n<ol>\n<li>Die f\u00e4lligen Mitgliedsgeb\u00fchren werden auf die vereinbarte Weise erhoben und eingezogen.<\/li>\n<li>Nach Ablauf der Zahlungsfrist tritt automatisch Zahlungsverzug ein. Das Unternehmen wird die Kundin schriftlich hiervon in Kenntnis setzen und ihr die M\u00f6glichkeit geben, den f\u00e4lligen Betrag innerhalb von zwei Wochen zu zahlen.<\/li>\n<li>Nach Ablauf des neuen Zahlungstermins beh\u00e4lt sich das Unternehmen das Recht vor, der Kundin Verzugskosten in Rechnung zu stellen. Hierzu geh\u00f6ren Bankgeb\u00fchren aus R\u00fccklastschriften, Mahngeb\u00fchren bei Zahlungsverzug u.\u00e4. sowie auch die Kosten einer zweckentsprechenden Rechtsverfolgung. Dar\u00fcber hinaus ist das Unternehmen berechtigt, der Kunding den Zugang zu den Fitnesseinrichtungen zu verweigern.<\/li>\n<\/ol>\n<h3>12. Haftung<\/h3>\n<ol>\n<li>12.1 Das Unternehmen ist nicht f\u00fcr materielle (z.B. Diebstahl) oder immaterielle Sch\u00e4den (z.B. Verletzungen) haftbar, die w\u00e4hrend des Trainings, der Wettbewerbe oder anderer Aktivit\u00e4ten entstehen. Dies gilt nicht f\u00fcr eine Haftung wegen Versto\u00dfes gegen eine wesentliche Vertragspflicht und f\u00fcr eine Haftung wegen Sch\u00e4den der Kundin aus einer Verletzung von Leben, K\u00f6rper oder Gesundheit sowie ebenfalls nicht f\u00fcr Sch\u00e4den, die auf einer vors\u00e4tzlichen oder grob fahrl\u00e4ssigen Pflichtverletzung des Unternehmens, deren gesetzlichen Vertretern oder Erf\u00fcllungsgehilfen beruhen. Wesentliche Vertragspflichten sind solche, deren Erf\u00fcllung die ordnungsgem\u00e4\u00dfe Durchf\u00fchrung des Vertrags \u00fcberhaupt erst erm\u00f6glicht und auf deren Einhaltung der Vertragspartner regelm\u00e4\u00dfig vertrauen darf. Als wesentliche Vertragspflicht des Unternehmens z\u00e4hlt insbesondere, aber nicht ausschlie\u00dflich, die fortlaufende Bereitstellung der in \u00a7 8 des Vertrages genannten Einrichtungen. Der Kundin wird ausdr\u00fccklich geraten, keine Wertgegenst\u00e4nde mitzubringen.<\/li>\n<li>Boxen ist ein k\u00f6rperlich anspruchsvoller Sport. Den Kundinen wird daher empfohlen, sich bei ihrem Hausarzt \u00fcber ihren Gesundheitszustand zu erkundigen, damit sie in der Lage sind, dem Training sowie ggf. Wettk\u00e4mpfen verantwortungsvoll folgen zu k\u00f6nnen.<\/li>\n<li>Der Boxsport ist mit Risiken verbunden. Mit der Unterschrift auf dem Anmeldeformular erkl\u00e4rt die Kundin (bzw. ein Erziehungsberechtigter), dass er\/sie \u00fcber diese Risiken informiert ist und als sein\/ihr eigenes Risiko akzeptiert.<\/li>\n<\/ol>\n<h3>13. Datenschutz<\/h3>\n<ol>\n<li>ie \u00fcber das Buchungsformular erhobenen Daten werden von der Boxing Sisters GmbH gespeichert, verwendet und ggf. weitergegeben, soweit es f\u00fcr die Erbringung der vertraglichen Leistungen erforderlich ist. Rechtsgrundlage ist Art. 6 Abs. 1 Satz 1 lit. b und f DSGVO und ggf. die Einwilligung gem\u00e4\u00df Art. 6 Abs. 1 Satz 1 lit. a und Art. 9 Abs. 2 lit. a DSGVO. Eine weitergehende Verarbeitung erfolgt nur, wenn der Kunde eingewilligt hat oder eine gesetzliche Erlaubnis vorliegt.<\/li>\n<\/ol>\n<h3>14. Schlussbestimmungen<\/h3>\n<ol>\n<li>Die Kundin hat bei Abschluss des Fitnessvertrages wahrheitsgem\u00e4\u00dfe Angaben \u00fcber vertragsrelevante pers\u00f6nliche Daten zu machen. Die Kundin hat dem Unternehmen jede \u00c4nderung vertragsrelevanter Daten (Name, Adresse, Bankverbindung, etc.) unverz\u00fcglich bekanntzugeben.<\/li>\n<li>14.2. Sind oder werden einzelne Bestimmungen dieser AGB unwirksam, so bleibt die G\u00fcltigkeit der AGB im \u00dcbrigen unber\u00fchrt.<\/li>\n<li>F\u00fcr die vertragliche Beziehung zwischen den Parteien gilt ausschlie\u00dflich das Recht der Bundesrepublik Deutschland, soweit nicht zwingendes Verbraucherschutzrecht desjenigen EU-Mitgliedsstaates entgegensteht, in dem das Mitglied seinen Wohnsitz hat. Vertragssprache ist deutsch. <strong>Die Vertragssprache ist Deutsch.<\/strong><\/li>\n<\/ol>\t\t\t\t\t\t<\/div>\n\t\t\t\t<\/div>\n\t\t\t\t\t<\/div>\n\t\t<\/div>\n\t\t\t\t<div class=\"elementor-column elementor-col-50 elementor-inner-column elementor-element elementor-element-8c0126e\" data-id=\"8c0126e\" data-element_type=\"column\" data-settings=\"{&quot;background_background&quot;:&quot;classic&quot;}\">\n\t\t\t<div class=\"elementor-widget-wrap elementor-element-populated\">\n\t\t\t\t\t\t\t\t<div class=\"elementor-element elementor-element-3524e32 elementor-widget elementor-widget-spacer\" data-id=\"3524e32\" data-element_type=\"widget\" data-widget_type=\"spacer.default\">\n\t\t\t\t<div class=\"elementor-widget-container\">\n\t\t\t<style>\/*! elementor - v3.8.1 - 13-11-2022 *\/\n.elementor-column .elementor-spacer-inner{height:var(--spacer-size)}.e-con{--container-widget-width:100%}.e-con-inner>.elementor-widget-spacer,.e-con>.elementor-widget-spacer{width:var(--container-widget-width,var(--spacer-size));-ms-flex-item-align:stretch;align-self:stretch;-ms-flex-negative:0;flex-shrink:0}.e-con-inner>.elementor-widget-spacer>.elementor-widget-container,.e-con-inner>.elementor-widget-spacer>.elementor-widget-container>.elementor-spacer,.e-con>.elementor-widget-spacer>.elementor-widget-container,.e-con>.elementor-widget-spacer>.elementor-widget-container>.elementor-spacer{height:100%}.e-con-inner>.elementor-widget-spacer>.elementor-widget-container>.elementor-spacer>.elementor-spacer-inner,.e-con>.elementor-widget-spacer>.elementor-widget-container>.elementor-spacer>.elementor-spacer-inner{height:var(--container-widget-height,var(--spacer-size))}<\/style>\t\t<div class=\"elementor-spacer\">\n\t\t\t<div class=\"elementor-spacer-inner\"><\/div>\n\t\t<\/div>\n\t\t\t\t<\/div>\n\t\t\t\t<\/div>\n\t\t\t\t\t<\/div>\n\t\t<\/div>\n\t\t\t\t\t\t\t<\/div>\n\t\t<\/section>\n\t\t\t\t\t<\/div>\n\t\t<\/div>\n\t\t\t\t\t\t\t<\/div>\n\t\t<\/section>\n\t\t\t\t\t\t\t<\/div>\n\t\t","protected":false},"excerpt":{"rendered":"<p>Allgemeine Gesch\u00e4ftsbedingungen Allgemeinen Gesch\u00e4ftsbedingungen der Firma Boxing Sisters GmbH Pappelallee 78\/79 10437 Berlin Tel. +49(0)30 16 63 70 50 E-mail: kundenservice@boxinsisters.com Handelsregisternummer HRB 231807 B Handelsregister des Amtsgerichts Charlottenburg Umsatzsteueridentifikationsnummer nach \u00a7 27a UmStG DE347050806 1. Definitionen Soweit vom Sinnzusammenhang nicht anders gefordert, haben die folgenden Begriffe im Rahmen dieses Vertrages die folgende Bedeutung. Allgemeine [&hellip;]<\/p>\n","protected":false},"author":1,"featured_media":0,"parent":0,"menu_order":0,"comment_status":"closed","ping_status":"closed","template":"elementor_header_footer","meta":{"inline_featured_image":false,"footnotes":""},"class_list":["post-368","page","type-page","status-publish","hentry"],"_links":{"self":[{"href":"https:\/\/shop-ch.boxingsisters.com\/de\/wp-json\/wp\/v2\/pages\/368","targetHints":{"allow":["GET"]}}],"collection":[{"href":"https:\/\/shop-ch.boxingsisters.com\/de\/wp-json\/wp\/v2\/pages"}],"about":[{"href":"https:\/\/shop-ch.boxingsisters.com\/de\/wp-json\/wp\/v2\/types\/page"}],"author":[{"embeddable":true,"href":"https:\/\/shop-ch.boxingsisters.com\/de\/wp-json\/wp\/v2\/users\/1"}],"replies":[{"embeddable":true,"href":"https:\/\/shop-ch.boxingsisters.com\/de\/wp-json\/wp\/v2\/comments?post=368"}],"version-history":[{"count":2,"href":"https:\/\/shop-ch.boxingsisters.com\/de\/wp-json\/wp\/v2\/pages\/368\/revisions"}],"predecessor-version":[{"id":1971,"href":"https:\/\/shop-ch.boxingsisters.com\/de\/wp-json\/wp\/v2\/pages\/368\/revisions\/1971"}],"wp:attachment":[{"href":"https:\/\/shop-ch.boxingsisters.com\/de\/wp-json\/wp\/v2\/media?parent=368"}],"curies":[{"name":"wp","href":"https:\/\/api.w.org\/{rel}","templated":true}]}}